{"id":564,"date":"2020-04-22T13:56:00","date_gmt":"2020-04-22T11:56:00","guid":{"rendered":"https:\/\/www.arche-erlangen.de\/WP\/?page_id=564"},"modified":"2020-10-23T14:23:49","modified_gmt":"2020-10-23T12:23:49","slug":"wildkraeuterfuehrungen","status":"publish","type":"page","link":"https:\/\/www.arche-erlangen.de\/WP\/nutzpflanzen-wildkraeuter\/wildkraeuterfuehrungen\/","title":{"rendered":"Wildkr\u00e4uterf\u00fchrungen"},"content":{"rendered":"\n\n[et_pb_section fb_built=&#8220;1&#8243; admin_label=&#8220;section&#8220; _builder_version=&#8220;3.22&#8243;][et_pb_row _builder_version=&#8220;4.0.6&#8243;][et_pb_column type=&#8220;4_4&#8243; _builder_version=&#8220;4.0.6&#8243;][et_pb_text _builder_version=&#8220;4.0.6&#8243; hover_enabled=&#8220;0&#8243;]<p><strong>Wildkr\u00e4uterf\u00fchrungen!<\/strong> Sehen, riechen, schmecken, bestimmen, probieren und lernen. Die Natur bietet vieles an. Unsere Fl\u00e4chen sind vielf\u00e4ltig und essbar, ein spannendes Entdeckungsfeld nicht nur f\u00fcr Insekten und V\u00f6gel. \u201eGegen jedes Leiden ist ein Kraut gewachsen\u201c, dieses Zitat wird der im 12. Jahrhundert lebenden Benediktinerin und Universalgelehrten Hildegard von Bingen zugeschrieben.<\/p>\n<p>Je nach Interesse und Vereinbarung k\u00f6nnen wir Gruppen, Familien und vor allem P\u00e4dagogInnen dabei unterst\u00fctzen, unsere Heilkr\u00e4uter und essbaren Wildpflanzen neu- oder wiederzuentdecken. Das geht auf vilef\u00e4ltige Art und Weise:<\/p>\n<ul>\n<li>Spiele\/Aktionen, Naturerfahrungen, Arbeiten mit Naturmaterialien<\/li>\n<li>das Kennenlernen der bekanntesten einheimischen Wildkr\u00e4uter, wie z. B. B\u00e4rlauch, Brennessel, L\u00f6wenzahn, Spitzwegerich, Knoblauchsrauke etc. und die anschlie\u00dfende gemeinsame Zubereitung von Naturk\u00f6stlichkeiten<\/li>\n<li>die Herstellung von eigenen Produkten wie Frischpflanzenextrakte, Salben und Kr\u00e4uter\u00f6le<\/li>\n<li>das Kennernlernen von verschiedenen Konservierungsmethoden<\/li>\n<li>Hilfe bei der Neugestaltung von G\u00e4rten und Au\u00dfenbereichen<\/li>\n<\/ul>\n<p>Du interessierst dich f\u00fcr eine Kr\u00e4uter- oder Naturerlebnisf\u00fchrung? F\u00fcr eine Terminvereinbarung nimm gerne <a href=\"https:\/\/www.arche-erlangen.de\/WP\/infos\/262-2\/\">Kontakt<\/a> zu uns auf.<\/p>\n<p>Kindergeburtstage in und mit der Natur, Seniorennachmitttage, Wildkr\u00e4uterkochkurse, \u00dcbernachtungen in der Natur, kleines \u00dcberlebenswissen und vieles mehr. Es gibt viele Themen und Aktivit\u00e4ten, die beim gemeinsamen Lernen und Erkunden mehr Spa\u00df machen. Wenn wir es nicht selbst anbieten k\u00f6nnen, kennen wir ziemlich sicher jemanden, der\/die es kann.<\/p>\n<p>Zu unseren Kooperationspartnern geh\u00f6ren die <a href=\"https:\/\/www.jugendfarm-er.de\/index.php\" target=\"_blank\" rel=\"noopener noreferrer\">Jugendfarm Erlangen<\/a>, die <a href=\"https:\/\/www.umweltstation-liasgrube.de\/\" target=\"_blank\" rel=\"noopener noreferrer\">Umweltstation Liasgrube<\/a> und das <a href=\"http:\/\/www.alf-fu.bayern.de\/forstwirtschaft\/wald\/098719\/index.php\" target=\"_blank\" rel=\"noopener noreferrer\">Walderlebniszentrum Tennenlohe<\/a>.<\/p>\n[\/et_pb_text][\/et_pb_column][\/et_pb_row][\/et_pb_section]\n\n","protected":false},"excerpt":{"rendered":"<p>Wildkr\u00e4uterf\u00fchrungen! Sehen, riechen, schmecken, bestimmen, probieren und lernen. Die Natur bietet vieles an. Unsere Fl\u00e4chen sind vielf\u00e4ltig und essbar, ein spannendes Entdeckungsfeld nicht nur f\u00fcr Insekten und V\u00f6gel. \u201eGegen jedes Leiden ist ein Kraut gewachsen\u201c, dieses Zitat wird der im 12. Jahrhundert lebenden Benediktinerin und Universalgelehrten Hildegard von Bingen zugeschrieben. Je nach Interesse und Vereinbarung [&hellip;]<\/p>\n","protected":false},"author":2,"featured_media":1373,"parent":548,"menu_order":0,"comment_status":"closed","ping_status":"closed","template":"","meta":{"_et_pb_use_builder":"on","_et_pb_old_content":"<!-- wp:divi\/placeholder \/-->","_et_gb_content_width":"","footnotes":""},"class_list":["post-564","page","type-page","status-publish","has-post-thumbnail","hentry"],"_links":{"self":[{"href":"https:\/\/www.arche-erlangen.de\/WP\/wp-json\/wp\/v2\/pages\/564","targetHints":{"allow":["GET"]}}],"collection":[{"href":"https:\/\/www.arche-erlangen.de\/WP\/wp-json\/wp\/v2\/pages"}],"about":[{"href":"https:\/\/www.arche-erlangen.de\/WP\/wp-json\/wp\/v2\/types\/page"}],"author":[{"embeddable":true,"href":"https:\/\/www.arche-erlangen.de\/WP\/wp-json\/wp\/v2\/users\/2"}],"replies":[{"embeddable":true,"href":"https:\/\/www.arche-erlangen.de\/WP\/wp-json\/wp\/v2\/comments?post=564"}],"version-history":[{"count":14,"href":"https:\/\/www.arche-erlangen.de\/WP\/wp-json\/wp\/v2\/pages\/564\/revisions"}],"predecessor-version":[{"id":3679,"href":"https:\/\/www.arche-erlangen.de\/WP\/wp-json\/wp\/v2\/pages\/564\/revisions\/3679"}],"up":[{"embeddable":true,"href":"https:\/\/www.arche-erlangen.de\/WP\/wp-json\/wp\/v2\/pages\/548"}],"wp:featuredmedia":[{"embeddable":true,"href":"https:\/\/www.arche-erlangen.de\/WP\/wp-json\/wp\/v2\/media\/1373"}],"wp:attachment":[{"href":"https:\/\/www.arche-erlangen.de\/WP\/wp-json\/wp\/v2\/media?parent=564"}],"curies":[{"name":"wp","href":"https:\/\/api.w.org\/{rel}","templated":true}]}}