{"id":562,"date":"2020-04-22T13:55:01","date_gmt":"2020-04-22T11:55:01","guid":{"rendered":"https:\/\/www.arche-erlangen.de\/WP\/?page_id=562"},"modified":"2020-07-13T15:34:05","modified_gmt":"2020-07-13T13:34:05","slug":"ackerflaechen","status":"publish","type":"page","link":"https:\/\/www.arche-erlangen.de\/WP\/nutzpflanzen-wildkraeuter\/ackerflaechen\/","title":{"rendered":"Ackerfl\u00e4chen"},"content":{"rendered":"<p>[et_pb_section fb_built=&#8220;1&#8243; _builder_version=&#8220;4.0.6&#8243;][et_pb_row _builder_version=&#8220;4.0.6&#8243;][et_pb_column type=&#8220;4_4&#8243; _builder_version=&#8220;4.0.6&#8243;][et_pb_text _builder_version=&#8220;4.0.6&#8243; hover_enabled=&#8220;0&#8243;]<\/p>\n<p><strong><\/strong><strong><\/strong><strong><\/strong><strong>Die Ziegelleite bei Atzelsberg<\/strong><\/p>\n<p>Auf der drei Hektar gro\u00dfen Acker und Wiesenfl\u00e4che tummeln sich derzeit drei Projekte. Die Schafgruppe h\u00e4lt, betreut und vermehrt die alte Rasse der Waldschafe. Die Obstbaumgruppe legt eine neue Streuobstwiese mit alten seltenen Obstsorten an. Auf dem Kreativacker erzeugt die Ackergruppe gesunde unbehandelte Lebensmittel und vermehrt altes Saatgut, um es zu erhalten. Eine stetig wachsende Wildgeh\u00f6lzhecke, Wildkr\u00e4uter und seltene Baumsorten wie die Elsbeere oder die Schwarznuss finden hier ihr neues Zuhause. Trotz allem ist noch viel Platz f\u00fcr neue Ideen! Lust auf eine freilaufende H\u00fchnerschar oder Kaninchen im gro\u00dfen Au\u00dfengehege? Vieles geht, wenn viele anpacken und machen.<\/p>\n<p><strong>Der Sonnenacker in Uttenreuth<\/strong><\/p>\n<p>Im ersten Jahr (2020) sind die Parzellen auf dem 3000 m\u00b2 gro\u00dfen Grundst\u00fcck am Ufer der Schwabach noch etwas willk\u00fcrlich verteilt. Aber aus Chaos w\u00e4chst Kreativit\u00e4t und die kann auch Ordnung schaffen (wenn gew\u00fcnscht ;-)). Mit der Gemeinde Uttenreuth haben wir vereinbart, das Grundst\u00fcck zu bewirtschaften und B\u00fcrgerinnen und B\u00fcrgern ohne gro\u00dfen Garten die M\u00f6glichkeit zu geben, ihr eigenes Gem\u00fcse und Obst zu erzeugen. Vielleicht schafft es die neu gebildete kleine Gruppe vom Sonnenacker ein leuchtendes Beispiel f\u00fcr viele andere Gemeinden zu werden. So sch\u00f6n Blumen und Bl\u00fcten auch sind, wieviel sch\u00f6ner ist es doch, wenn wir uns nach den Bienen und Insekten an den Fr\u00fcchten des \u201eurban gardening\u201c erfreuen d\u00fcrfen.<\/p>\n<p>[\/et_pb_text][\/et_pb_column][\/et_pb_row][\/et_pb_section]<\/p>\n","protected":false},"excerpt":{"rendered":"<p>Die Ziegelleite bei Atzelsberg Auf der drei Hektar gro\u00dfen Acker und Wiesenfl\u00e4che tummeln sich derzeit drei Projekte. Die Schafgruppe h\u00e4lt, betreut und vermehrt die alte Rasse der Waldschafe. Die Obstbaumgruppe legt eine neue Streuobstwiese mit alten seltenen Obstsorten an. Auf dem Kreativacker erzeugt die Ackergruppe gesunde unbehandelte Lebensmittel und vermehrt altes Saatgut, um es zu [&hellip;]<\/p>\n","protected":false},"author":2,"featured_media":1301,"parent":548,"menu_order":0,"comment_status":"closed","ping_status":"closed","template":"","meta":{"_et_pb_use_builder":"on","_et_pb_old_content":"<!-- wp:divi\/placeholder \/-->","_et_gb_content_width":"","footnotes":""},"class_list":["post-562","page","type-page","status-publish","has-post-thumbnail","hentry"],"_links":{"self":[{"href":"https:\/\/www.arche-erlangen.de\/WP\/wp-json\/wp\/v2\/pages\/562","targetHints":{"allow":["GET"]}}],"collection":[{"href":"https:\/\/www.arche-erlangen.de\/WP\/wp-json\/wp\/v2\/pages"}],"about":[{"href":"https:\/\/www.arche-erlangen.de\/WP\/wp-json\/wp\/v2\/types\/page"}],"author":[{"embeddable":true,"href":"https:\/\/www.arche-erlangen.de\/WP\/wp-json\/wp\/v2\/users\/2"}],"replies":[{"embeddable":true,"href":"https:\/\/www.arche-erlangen.de\/WP\/wp-json\/wp\/v2\/comments?post=562"}],"version-history":[{"count":15,"href":"https:\/\/www.arche-erlangen.de\/WP\/wp-json\/wp\/v2\/pages\/562\/revisions"}],"predecessor-version":[{"id":2993,"href":"https:\/\/www.arche-erlangen.de\/WP\/wp-json\/wp\/v2\/pages\/562\/revisions\/2993"}],"up":[{"embeddable":true,"href":"https:\/\/www.arche-erlangen.de\/WP\/wp-json\/wp\/v2\/pages\/548"}],"wp:featuredmedia":[{"embeddable":true,"href":"https:\/\/www.arche-erlangen.de\/WP\/wp-json\/wp\/v2\/media\/1301"}],"wp:attachment":[{"href":"https:\/\/www.arche-erlangen.de\/WP\/wp-json\/wp\/v2\/media?parent=562"}],"curies":[{"name":"wp","href":"https:\/\/api.w.org\/{rel}","templated":true}]}}