{"id":559,"date":"2020-04-22T13:54:02","date_gmt":"2020-04-22T11:54:02","guid":{"rendered":"https:\/\/www.arche-erlangen.de\/WP\/?page_id=559"},"modified":"2023-01-12T12:26:29","modified_gmt":"2023-01-12T11:26:29","slug":"obstgaerten","status":"publish","type":"page","link":"https:\/\/www.arche-erlangen.de\/WP\/nutzpflanzen-wildkraeuter\/obstgaerten\/","title":{"rendered":"Obstg\u00e4rten"},"content":{"rendered":"<p>[et_pb_section fb_built=&#8220;1&#8243; _builder_version=&#8220;4.16&#8243; global_colors_info=&#8220;{}&#8220; theme_builder_area=&#8220;post_content&#8220;][et_pb_row _builder_version=&#8220;4.16&#8243; global_colors_info=&#8220;{}&#8220; theme_builder_area=&#8220;post_content&#8220;][et_pb_column type=&#8220;4_4&#8243; _builder_version=&#8220;4.16&#8243; global_colors_info=&#8220;{}&#8220; theme_builder_area=&#8220;post_content&#8220;][et_pb_text _builder_version=&#8220;4.19.4&#8243; custom_margin=&#8220;||-10px||false|false&#8220; custom_padding=&#8220;||4px|||&#8220; hover_enabled=&#8220;0&#8243; global_colors_info=&#8220;{}&#8220; link_text_color__hover_enabled=&#8220;on|hover&#8220; link_text_color__hover=&#8220;#7CDA24&#8243; theme_builder_area=&#8220;post_content&#8220; sticky_enabled=&#8220;0&#8243;]<\/p>\n<p>Der Sortengarten an unserem Aktivstandort Ziegelleite w\u00e4chst und w\u00e4chst. Die aktive Baumgruppe des Vereins hat auf dem weitl\u00e4ufigen, von der Stadt Erlangen gepachteten Gel\u00e4nde seit 2012 zahlreiche unterschiedliche Obstbaumarten und -sorten zum Erbl\u00fchen gebracht. Heute lassen sich bei einem entspannten Spaziergang \u00fcber das Gel\u00e4nde viele alte Geh\u00f6lze entdecken.<\/p>\n<p>Wir p\ufb02anzen und p\ufb02egen seit 2017 eine Streuobstwiese als Sortengarten. Hier werden alte, verlorengegangene und wiedergefundene, Obstsorten dauerha\ufb05 als Genpool erhalten. \u00dcberwiegend stammen die B\u00e4umchen aus dem <a href=\"https:\/\/1000obstbaeume.de\/uber-das-projekt\/\" target=\"_blank\" rel=\"noopener\">Projekt 1000 B\u00e4ume f\u00fcr die Frankenalb<\/a>. Einige auch von der Baumschule Baumgartner in N\u00f6ham.<\/p>\n<p>Klaus gibt gern das in der Ausbildung zum Landscha\ufb05sobstbaump\ufb02eger erworbene Wissen weiter. Seit 2017 ist der Sortengarten (Stand Herbst 2022) auf 44 unterschiedliche Obstb\u00e4ume angewachsen: Neben Apfelb\u00e4umen, auch drei Walnussb\u00e4ume, zwei Birnb\u00e4ume und vier Zwetschgenb\u00e4ume. Diese <a href=\"https:\/\/www.arche-erlangen.de\/WP\/wp-content\/uploads\/2020\/08\/Obstbaeume-Arche.pdf\" target=\"_blank\" rel=\"noopener\"><span style=\"text-decoration: underline;\"><strong>Aufstellung<\/strong><\/span><\/a> informiert \u00fcber die Obstsorten und -arten, die auf dem Archegel\u00e4nde stehen.<\/p>\n<p>Langfristig sollen diese B\u00e4ume neben dem Sortenerhalt, auch den Waldschafen als Schattenspender dienen. Au\u00dferdem hat der Arche Bauernhof eine alte Obstwiese in der N\u00e4he von Oberehrenbach gepachtet, die wir ebenfalls p\ufb02egen und beernten. Besonders liegt uns die nachhaltige P\ufb02ege des Unterwuchses bzw. Gr\u00fcnlandes am Herzen: Humusaufbau, N\u00e4hrsto\ufb00- und Wasserbilanz, Bodenbelebung, uam.<\/p>\n<p>Wenn du Interesse an unserer Gruppe hast und dich durch aktive Beteiligung etwas \u00fcber Streuobst und Obstbaump\ufb02ege lernen m\u00f6chtest, melde dich bitte bei Klaus. <a href=\"mailto:k.wissmath@posteo.de\">k.wissmath@posteo.de<\/a><\/p>\n<p>[\/et_pb_text][\/et_pb_column][\/et_pb_row][et_pb_row column_structure=&#8220;1_3,1_3,1_3&#8243; _builder_version=&#8220;4.16&#8243; global_colors_info=&#8220;{}&#8220; theme_builder_area=&#8220;post_content&#8220;][et_pb_column type=&#8220;1_3&#8243; _builder_version=&#8220;4.16&#8243; global_colors_info=&#8220;{}&#8220; theme_builder_area=&#8220;post_content&#8220;][et_pb_image src=&#8220;https:\/\/www.arche-erlangen.de\/WP\/wp-content\/uploads\/2020\/07\/Erde-f\u00fcr-die-neuen-B\u00e4ume.jpg&#8220; _builder_version=&#8220;4.16&#8243; global_colors_info=&#8220;{}&#8220; theme_builder_area=&#8220;post_content&#8220;][\/et_pb_image][\/et_pb_column][et_pb_column type=&#8220;1_3&#8243; _builder_version=&#8220;4.16&#8243; global_colors_info=&#8220;{}&#8220; theme_builder_area=&#8220;post_content&#8220;][et_pb_image src=&#8220;https:\/\/www.arche-erlangen.de\/WP\/wp-content\/uploads\/2020\/06\/DSC_2650.jpg&#8220; _builder_version=&#8220;4.16&#8243; global_colors_info=&#8220;{}&#8220; theme_builder_area=&#8220;post_content&#8220;][\/et_pb_image][\/et_pb_column][et_pb_column type=&#8220;1_3&#8243; _builder_version=&#8220;4.16&#8243; global_colors_info=&#8220;{}&#8220; theme_builder_area=&#8220;post_content&#8220;][et_pb_image src=&#8220;https:\/\/www.arche-erlangen.de\/WP\/wp-content\/uploads\/2020\/07\/IMG_20180423_183646-1.jpg&#8220; _builder_version=&#8220;4.16&#8243; global_colors_info=&#8220;{}&#8220; theme_builder_area=&#8220;post_content&#8220;][\/et_pb_image][\/et_pb_column][\/et_pb_row][\/et_pb_section]<\/p>\n","protected":false},"excerpt":{"rendered":"<p>Der Sortengarten an unserem Aktivstandort Ziegelleite w\u00e4chst und w\u00e4chst. Die aktive Baumgruppe des Vereins hat auf dem weitl\u00e4ufigen, von der Stadt Erlangen gepachteten Gel\u00e4nde seit 2012 zahlreiche unterschiedliche Obstbaumarten und -sorten zum Erbl\u00fchen gebracht. Heute lassen sich bei einem entspannten Spaziergang \u00fcber das Gel\u00e4nde viele alte Geh\u00f6lze entdecken. Wir p\ufb02anzen und p\ufb02egen seit 2017 eine [&hellip;]<\/p>\n","protected":false},"author":2,"featured_media":1345,"parent":548,"menu_order":0,"comment_status":"closed","ping_status":"closed","template":"","meta":{"_et_pb_use_builder":"on","_et_pb_old_content":"","_et_gb_content_width":"","footnotes":""},"class_list":["post-559","page","type-page","status-publish","has-post-thumbnail","hentry"],"_links":{"self":[{"href":"https:\/\/www.arche-erlangen.de\/WP\/wp-json\/wp\/v2\/pages\/559","targetHints":{"allow":["GET"]}}],"collection":[{"href":"https:\/\/www.arche-erlangen.de\/WP\/wp-json\/wp\/v2\/pages"}],"about":[{"href":"https:\/\/www.arche-erlangen.de\/WP\/wp-json\/wp\/v2\/types\/page"}],"author":[{"embeddable":true,"href":"https:\/\/www.arche-erlangen.de\/WP\/wp-json\/wp\/v2\/users\/2"}],"replies":[{"embeddable":true,"href":"https:\/\/www.arche-erlangen.de\/WP\/wp-json\/wp\/v2\/comments?post=559"}],"version-history":[{"count":27,"href":"https:\/\/www.arche-erlangen.de\/WP\/wp-json\/wp\/v2\/pages\/559\/revisions"}],"predecessor-version":[{"id":5180,"href":"https:\/\/www.arche-erlangen.de\/WP\/wp-json\/wp\/v2\/pages\/559\/revisions\/5180"}],"up":[{"embeddable":true,"href":"https:\/\/www.arche-erlangen.de\/WP\/wp-json\/wp\/v2\/pages\/548"}],"wp:featuredmedia":[{"embeddable":true,"href":"https:\/\/www.arche-erlangen.de\/WP\/wp-json\/wp\/v2\/media\/1345"}],"wp:attachment":[{"href":"https:\/\/www.arche-erlangen.de\/WP\/wp-json\/wp\/v2\/media?parent=559"}],"curies":[{"name":"wp","href":"https:\/\/api.w.org\/{rel}","templated":true}]}}