{"id":533,"date":"2020-04-22T12:53:44","date_gmt":"2020-04-22T10:53:44","guid":{"rendered":"https:\/\/www.arche-erlangen.de\/WP\/?page_id=533"},"modified":"2021-05-20T13:46:19","modified_gmt":"2021-05-20T11:46:19","slug":"sponsoren","status":"publish","type":"page","link":"https:\/\/www.arche-erlangen.de\/WP\/infos\/sponsoren\/","title":{"rendered":"Sponsoren"},"content":{"rendered":"<p>[et_pb_section fb_built=&#8220;1&#8243; _builder_version=&#8220;4.0.6&#8243;][et_pb_row _builder_version=&#8220;4.0.6&#8243;][et_pb_column type=&#8220;4_4&#8243; _builder_version=&#8220;4.0.6&#8243;][et_pb_text _builder_version=&#8220;4.9.4&#8243; header_font=&#8220;Open Sans||||||||&#8220; custom_margin=&#8220;||22px|||&#8220; hover_enabled=&#8220;0&#8243; sticky_enabled=&#8220;0&#8243;]<\/p>\n<p><strong>F\u00f6rderung des Projekts \u201aZukunftsacker\u2018 des Arche Bauernhof Erlangen Stadt und Land e.V. in Kooperation mit der Stadt Erlangen, dem Gemeinschaftlich getragene Landwirtschaft Erlangen e.V., der AckerPause und dem Ackergarten Schaufler durch die Deutsche Postcode Lotterie.<\/strong><\/p>\n<p>Der Zukunftsacker als Bildungsort f\u00fcr nachhaltige Entwicklung richtet sich an Schulen und Kitas, Menschen mit Fluchterfahrungen, Behinderungen oder Suchterkrankungen sowie interessierte B\u00fcrger*innen. Urban Farming-Workshops machen Zusammenh\u00e4nge zwischen Landwirtschaft, Ern\u00e4hrung, Klima und Biodiversit\u00e4t begreifbar. Das Kooperationsprojekt vermittelt der Stadtgesellschaft Kompetenzen zur Mitgestaltung einer nachhaltigen Zukunft.<\/p>\n<p style=\"text-align: center;\"><img loading=\"lazy\" decoding=\"async\" src=\"https:\/\/www.arche-erlangen.de\/WP\/wp-content\/uploads\/2021\/05\/BaZuack-300x167.jpg\" width=\"402\" height=\"224\" alt=\"\" class=\"wp-image-4497 alignnone size-medium\" srcset=\"https:\/\/www.arche-erlangen.de\/WP\/wp-content\/uploads\/2021\/05\/BaZuack-300x167.jpg 300w, https:\/\/www.arche-erlangen.de\/WP\/wp-content\/uploads\/2021\/05\/BaZuack-768x427.jpg 768w, https:\/\/www.arche-erlangen.de\/WP\/wp-content\/uploads\/2021\/05\/BaZuack.jpg 800w\" sizes=\"(max-width: 402px) 100vw, 402px\" \/><\/p>\n<p>Zwischen April und November k\u00f6nnen Schulen und Kinderbetreuungseinrichtungen den au\u00dferschulischen Bildungsort nutzen und unter fachkundiger Anleitung Zusammenh\u00e4nge zwischen Umwelt, Gesellschaft und Wirtschaft mit Herz, Hand und Verstand begreifen lernen. Das Ausprobieren neuer F\u00e4higkeiten und Fertigkeiten steht neben der Wissensvermittlung und Wertebildung \u00fcber nachhaltige Produktion und Konsum im Mittelpunkt.<\/p>\n<p>Kurse zur Verarbeitung der Gem\u00fcse und Kr\u00e4uter in der Solawi-K\u00fcche sowie Bienenkunde erg\u00e4nzen das Pflanz- und Pflege-Portfolio. Das zweite Standbein sind Bildungsworkshops f\u00fcr Erwachsene und Familien, die der interessierten B\u00fcrgerschaft selbstwirksame Wege zur Nachhaltigkeit aufzeigen. Die City Farm soll auch Lernort f\u00fcr lokale Organisationen sein, um Menschen mit Fluchterfahrungen, Behinderungen oder Suchterkrankungen sowie Senior*innen partizipativ einzubinden. Die Pflegearbeiten erm\u00f6glichen Einzelnen oder Gruppen, sich \u00fcber die Bildungseins\u00e4tze hinaus zu engagieren.<\/p>\n<p>Die Veranstaltungen werden den geltenden Infektionsschutzbestimmungen angepasst. Der Projektstart im Fr\u00fchjahr 2021 bietet Lernenden einen Ort im Freien und verkn\u00fcpft damit den Wunsch nach transformativer Bildung mit den Herausforderungen der Pandemie. Der Bildungsacker schafft Raum f\u00fcr Kompetenzentfaltung, um eine nachhaltige Zukunft selbst mitgestalten zu k\u00f6nnen. Der Lernort, an dem Miteinander, Naturerfahrung und Integration verflochten werden, greift thematisch das Internationale Jahr f\u00fcr Obst und Gem\u00fcse der Vereinten Nationen auf. Die Acker- und Kochworkshops schaffen Bewusstsein f\u00fcr den Stellenwert von Gem\u00fcse f\u00fcr Ern\u00e4hrungssicherheit, Gesundheit und das Erreichen der UN-Nachhaltigkeitsziele (SDGs).<\/p>\n<p>Das Kooperationsprojekt des Vereins Arche Bauernhof Erlangen mit der Stadt Erlangen ist als partnerschaftliches Projekt konzipiert zusammen mit dem Verein f\u00fcr gemeinschaftlich getragene Landwirtschaft Erlangen (Solawi), einem Bildungsackerunternehmen und einem lokalen Landwirt, unterst\u00fctzt durch zwei Freiwilligendienstleistende im F\u00d6J, Praktikant*innen und freie Umweltbildner*innen.<\/p>\n<p>Anmeldung unter <a href=\"http:\/\/www.erlangen.de\/zukunftsacker\" target=\"_blank\" rel=\"noopener\">www.erlangen.de\/zukunftsacker<\/a>, Brosch\u00fcre unter <a href=\"http:\/\/www.erlangen.de\/aktionsprogramm-nachhaltigkeit\" target=\"_blank\" rel=\"noopener\">www.erlangen.de\/aktionsprogramm-nachhaltigkeit<\/a><\/p>\n<p>Mehr zum F\u00f6rdermittelgeber unter <a href=\"http:\/\/www.postcode-lotterie.de\" target=\"_blank\" rel=\"noopener\">www.postcode-lotterie.de<\/a><img loading=\"lazy\" decoding=\"async\" src=\"https:\/\/www.arche-erlangen.de\/WP\/wp-content\/uploads\/2021\/05\/LogoPostcode-300x212.jpg\" width=\"344\" height=\"243\" alt=\"\" class=\"wp-image-4503 alignnone size-medium\" style=\"display: block; margin-left: auto; margin-right: auto;\" srcset=\"https:\/\/www.arche-erlangen.de\/WP\/wp-content\/uploads\/2021\/05\/LogoPostcode-300x212.jpg 300w, https:\/\/www.arche-erlangen.de\/WP\/wp-content\/uploads\/2021\/05\/LogoPostcode-768x543.jpg 768w, https:\/\/www.arche-erlangen.de\/WP\/wp-content\/uploads\/2021\/05\/LogoPostcode-400x284.jpg 400w, https:\/\/www.arche-erlangen.de\/WP\/wp-content\/uploads\/2021\/05\/LogoPostcode.jpg 800w\" sizes=\"(max-width: 344px) 100vw, 344px\" \/><\/p>\n<p>[\/et_pb_text][et_pb_divider divider_style=&#8220;dashed&#8220; _builder_version=&#8220;4.0.6&#8243; custom_margin=&#8220;16px||12px|||&#8220; locked=&#8220;off&#8220;][\/et_pb_divider][et_pb_text _builder_version=&#8220;4.0.6&#8243; header_font=&#8220;Open Sans||||||||&#8220; custom_margin=&#8220;||22px|||&#8220;]<\/p>\n<h4>Spende f\u00fcr den Arche Bauernhof Erlangen Stadt und Land e.V.<\/h4>\n<p>Preistr\u00e4ger \u201eBank und junges Ehrenamt\u201c ausgezeichnet<\/p>\n<p>Leonie Schnetz ist als diesj\u00e4hrige Preistr\u00e4gerin \u201eBank &amp; junges\u00a0Ehrenamt\u201c von der VR-Bank Erlangen-H\u00f6chstadt-Herzogenaurach eG ausgezeichnet worden. Mit diesem Konzept w\u00fcrdigt das\u00a0Kreditinstitut das ehrenamtliche Engagement junger Menschen in der Region.<br \/>Freiwilliges Engagement sei bedeutsam f\u00fcr den Zusammenhalt einer gut funktionierenden Gesellschaft, erl\u00e4utert VR-Projektleiterin Simone Ebersberger die Intension der Bank. Das Konzept \u201eBank &amp; junges Ehrenamt\u201c schaffe eine Plattform, um junge Leute zwischen 16 und 25 Jahren zum aktiven Einsatz f\u00fcr das Gemeinwohl zu animieren. Die sechsk\u00f6pfige Jury habe sich in diesem Jahr f\u00fcr die 20-j\u00e4hrige Leonie Schnetz entschieden, die \u201emitmacht, wo sie gebraucht wird!\u201c<br \/>Sie engagiert sich im Arche Bauernhof Erlangen Stadt und Land e.V., ist aktives Mitglied bei der Freiwilligen Feuerwehr Br\u00e4uningshof, k\u00fcmmert sich bei den Pfadfindern um die Platzpflege und Erhaltung der R\u00e4ume und gr\u00fcndet aktuell eine \u201eM\u00fcpfe-Jugendgruppe\u201c f\u00fcr den Bund Naturschutz. Auch beruflich packt Schnetz kr\u00e4ftig an und steckt gerade mitten in der Ausbildung zum Zimmerer. <br \/>Helmut Wening, Vorstand des Arche Bauernhof Erlangen, bei dem Schnetz seit Jahren aktiv ist, sagt: \u201eIch kenne niemanden, der sich so selbstverst\u00e4ndlich engagiert \u2013 sie ist unsere beste Flaschenlamm-Mutter\u201c. Wenn ein mobiler H\u00fchnerstall f\u00fcr den Kulturpunkt Bruck entstehen soll und Nutz- oder Wildtiere betreut werden m\u00fcssen \u2013 Schnetz leistet jederzeit Unterst\u00fctzung.<br \/>Die Auszeichnung ist mit einem Preisgeld von 1.000 Euro dotiert &#8211; 500 Euro gehen an den von ihr ausgew\u00e4hlten Verein \u201eArche Bauernhof\u201c und 500 Euro erh\u00e4lt die Preistr\u00e4gerin selbst. \u00dcberreicht wurde die Pr\u00e4mie in unserer Beratungsfiliale Langensendelbach durch Filialeiter Tobias Vollrath. Schnetz erhielt zus\u00e4tzlich einen Verzehrgutschein, um ihre Auszeichnung im kleinen Kreis feiern zu k\u00f6nnen. <br \/>Auch 2021 sucht die VR-Bank wieder einen w\u00fcrdigen Preistr\u00e4ger.<\/p>\n<p>[\/et_pb_text][et_pb_image src=&#8220;https:\/\/www.arche-erlangen.de\/WP\/wp-content\/uploads\/2020\/10\/VRBank.jpg&#8220; _builder_version=&#8220;4.0.6&#8243;][\/et_pb_image][et_pb_divider divider_style=&#8220;dashed&#8220; _builder_version=&#8220;4.0.6&#8243; custom_margin=&#8220;16px||12px|||&#8220;][\/et_pb_divider][et_pb_text _builder_version=&#8220;4.0.6&#8243; header_font=&#8220;Open Sans||||||||&#8220; custom_margin=&#8220;||22px|||&#8220;]<\/p>\n<h4>Spende f\u00fcr den Arche Bauernhof Erlangen Stadt und Land e.V.<\/h4>\n<p>Die Sparkasse unterst\u00fctzt die gemeinn\u00fctzige Arbeit des Vereins<\/p>\n<p>Herr Elsner von der Arche Bauernhof Erlangen Stadt und Land e.V. freute sich \u00fcber eine Spende in H\u00f6he von 400 Euro. Damit unterst\u00fctzt die Sparkasse Erlangen im Rahmen der Weihnachtsspendenaktion die gemeinn\u00fctzige Arbeit des Vereins sowie das Engagement und die ehrenamtliche Arbeit aktiv. Miriam Grundmann und Klaus-Dieter Sahrmann von der Gesch\u00e4ftsstelle Hugenottenplatz \u00fcberreichten den gro\u00dfen Spendenscheck und w\u00fcnschten f\u00fcr die weitere Arbeit viel Erfolg.<\/p>\n<p>[\/et_pb_text][et_pb_divider divider_style=&#8220;dashed&#8220; _builder_version=&#8220;4.0.6&#8243; custom_margin=&#8220;16px||12px|||&#8220;][\/et_pb_divider][et_pb_text _builder_version=&#8220;4.0.6&#8243;]<\/p>\n<h4><strong>Spende f\u00fcr den Arche Bauernhof<br \/> <\/strong>Die Sparkasse unterst\u00fctzt die Anschaffung eines mobilen Werkstattwagens<\/h4>\n<p>[\/et_pb_text][\/et_pb_column][\/et_pb_row][et_pb_row column_structure=&#8220;2_5,3_5&#8243; _builder_version=&#8220;4.0.6&#8243; custom_margin=&#8220;-17px|auto|35px|auto||&#8220;][et_pb_column type=&#8220;2_5&#8243; _builder_version=&#8220;4.0.6&#8243;][et_pb_image src=&#8220;https:\/\/www.arche-erlangen.de\/WP\/wp-content\/uploads\/2020\/07\/GS60_Spende_Arche-Bauernhof.jpg&#8220; _builder_version=&#8220;4.0.6&#8243; custom_margin=&#8220;|-1px||||&#8220;][\/et_pb_image][\/et_pb_column][et_pb_column type=&#8220;3_5&#8243; _builder_version=&#8220;4.0.6&#8243;][et_pb_text _builder_version=&#8220;4.0.6&#8243;]<\/p>\n<p>Helmut Wening, Vorstand der Arche Bauernhof Erlangen, freute sich \u00fcber den gro\u00dfen Spendenscheck in H\u00f6he von 1.000 Euro, der ihm von Klaus-Dieter Sahrmann und Simone Vykydal von der Gesch\u00e4ftsstelle Hugenottenplatz \u00fcberreicht wurde. Damit unterst\u00fctzt die Sparkasse Erlangen die Anschaffung eines mobilen Werkstattwagens, der bei zahlreichen Veranstaltungen in der Region zum Einsatz kommen soll.<\/p>\n<p>[\/et_pb_text][et_pb_divider divider_style=&#8220;dashed&#8220; _builder_version=&#8220;4.0.6&#8243; custom_padding=&#8220;23px|||||&#8220;][\/et_pb_divider][\/et_pb_column][\/et_pb_row][et_pb_row _builder_version=&#8220;4.0.6&#8243;][et_pb_column type=&#8220;4_4&#8243; _builder_version=&#8220;4.0.6&#8243;][et_pb_text _builder_version=&#8220;4.0.6&#8243; custom_margin=&#8220;-43px|||||&#8220; custom_padding=&#8220;12px|||||&#8220;]<\/p>\n<h4><strong>Weihnachtsspenden\u00fcbergabe der Sparkasse Erlangen<br \/> <\/strong>am 11.12.2015 in der Sparkasse Erlangen am Hugenottenplatz:<\/h4>\n<p>[\/et_pb_text][\/et_pb_column][\/et_pb_row][et_pb_row column_structure=&#8220;3_5,2_5&#8243; _builder_version=&#8220;4.0.6&#8243; min_height=&#8220;274px&#8220; custom_padding=&#8220;0px|||||&#8220;][et_pb_column type=&#8220;3_5&#8243; _builder_version=&#8220;4.0.6&#8243;][et_pb_text _builder_version=&#8220;4.0.6&#8243;]<\/p>\n<p>\u00a0Die Sparkasse Erlangen setzte auch im Jahr 2015 ihre vorweihnachtliche Tradition fort &#8211; die j\u00e4hrliche Weihnachtsspenden-\u00dcbergabe. Sie unterst\u00fctzt gemeinn\u00fctzige Projekte von Einrichtungen mit karitativem und sozialem Charakter, aber auch Verb\u00e4nde und Institutionen aus den Bereichen Sport, Kultur, Umwelt und Bildung. Bei der Weihnachtsspenden\u00fcbergabe konnten wir eine Spende entgegennehmen. Mit der Spendenaktion setzt die Sparkasse Erlangen ein deutliches Zeichen: \u201eHeute m\u00f6chten wir all denjenigen danken, die sich in 2015 bzw. auch schon seit vielen Jahren in ihrer Freizeit f\u00fcr unsere Region engagiert und mit viel Herzblut f\u00fcr unsere Gesellschaft eingesetzt haben\u201c, betonte Paulus-Rohmer.<\/p>\n<p>&nbsp;<\/p>\n<p>[\/et_pb_text][\/et_pb_column][et_pb_column type=&#8220;2_5&#8243; _builder_version=&#8220;4.0.6&#8243;][et_pb_image src=&#8220;https:\/\/www.arche-erlangen.de\/WP\/wp-content\/uploads\/2020\/07\/2027992.jpg&#8220; _builder_version=&#8220;4.0.6&#8243;][\/et_pb_image][\/et_pb_column][\/et_pb_row][et_pb_row _builder_version=&#8220;4.0.6&#8243;][et_pb_column type=&#8220;4_4&#8243; _builder_version=&#8220;4.0.6&#8243;][et_pb_text _builder_version=&#8220;4.0.6&#8243; custom_margin=&#8220;-59px|||||&#8220;]<\/p>\n<p>\u201eF\u00fcr unsere Sparkasse geh\u00f6rt es zum Selbstverst\u00e4ndnis gesellschaftliche Verantwortung in der Region zu \u00fcbernehmen. Deshalb unterst\u00fctzen wir als stabiler und verl\u00e4sslicher Partner jedes Jahr die Leistungen gemeinn\u00fctziger Einrichtungen und Verb\u00e4nde sehr gerne. Damit m\u00f6chten wir auch unsere Wertsch\u00e4tzung zum Ausdruck bringen\u201c, so Paulus-Rohmer weiter.<\/p>\n<p>Aber nicht nur als Kreditinstitut unterst\u00fctzt die Sparkasse Erlangen die Region in finanzieller Hinsicht, denn auch die Mitarbeiterinnen und Mitarbeiter engagieren sind in rund 300 ehrenamtlichen Aktivit\u00e4ten bei zahlreichen karitativen, kirchlichen, sozialen, sportlichen und kulturellen Vereinen und Institutionen aktiv im Ehrenamt.<\/p>\n<p>[\/et_pb_text][et_pb_divider divider_style=&#8220;dashed&#8220; _builder_version=&#8220;4.0.6&#8243; custom_margin=&#8220;||9px|||&#8220;][\/et_pb_divider][\/et_pb_column][\/et_pb_row][et_pb_row column_structure=&#8220;1_2,1_2&#8243; _builder_version=&#8220;4.0.6&#8243;][et_pb_column type=&#8220;1_2&#8243; _builder_version=&#8220;4.0.6&#8243;][et_pb_image src=&#8220;https:\/\/www.arche-erlangen.de\/WP\/wp-content\/uploads\/2020\/07\/spkstiftung.jpg&#8220; _builder_version=&#8220;4.0.6&#8243;][\/et_pb_image][\/et_pb_column][et_pb_column type=&#8220;1_2&#8243; _builder_version=&#8220;4.0.6&#8243;][et_pb_text _builder_version=&#8220;4.0.6&#8243;]<\/p>\n<h4><strong>Ganz herzlich<\/strong><\/h4>\n<p>bedanken wir uns bei der Stiftung Bildung, Natur und Umwelt der Sparkasse Erlangen \u00fcber die F\u00f6rderung unseres Projekts<\/p>\n<p>[\/et_pb_text][\/et_pb_column][\/et_pb_row][\/et_pb_section]<\/p>\n","protected":false},"excerpt":{"rendered":"<p>F\u00f6rderung des Projekts \u201aZukunftsacker\u2018 des Arche Bauernhof Erlangen Stadt und Land e.V. in Kooperation mit der Stadt Erlangen, dem Gemeinschaftlich getragene Landwirtschaft Erlangen e.V., der AckerPause und dem Ackergarten Schaufler durch die Deutsche Postcode Lotterie. Der Zukunftsacker als Bildungsort f\u00fcr nachhaltige Entwicklung richtet sich an Schulen und Kitas, Menschen mit Fluchterfahrungen, Behinderungen oder Suchterkrankungen sowie [&hellip;]<\/p>\n","protected":false},"author":2,"featured_media":0,"parent":27,"menu_order":0,"comment_status":"closed","ping_status":"closed","template":"","meta":{"_et_pb_use_builder":"on","_et_pb_old_content":"<!-- wp:divi\/placeholder \/-->","_et_gb_content_width":"","footnotes":""},"class_list":["post-533","page","type-page","status-publish","hentry"],"_links":{"self":[{"href":"https:\/\/www.arche-erlangen.de\/WP\/wp-json\/wp\/v2\/pages\/533","targetHints":{"allow":["GET"]}}],"collection":[{"href":"https:\/\/www.arche-erlangen.de\/WP\/wp-json\/wp\/v2\/pages"}],"about":[{"href":"https:\/\/www.arche-erlangen.de\/WP\/wp-json\/wp\/v2\/types\/page"}],"author":[{"embeddable":true,"href":"https:\/\/www.arche-erlangen.de\/WP\/wp-json\/wp\/v2\/users\/2"}],"replies":[{"embeddable":true,"href":"https:\/\/www.arche-erlangen.de\/WP\/wp-json\/wp\/v2\/comments?post=533"}],"version-history":[{"count":25,"href":"https:\/\/www.arche-erlangen.de\/WP\/wp-json\/wp\/v2\/pages\/533\/revisions"}],"predecessor-version":[{"id":4520,"href":"https:\/\/www.arche-erlangen.de\/WP\/wp-json\/wp\/v2\/pages\/533\/revisions\/4520"}],"up":[{"embeddable":true,"href":"https:\/\/www.arche-erlangen.de\/WP\/wp-json\/wp\/v2\/pages\/27"}],"wp:attachment":[{"href":"https:\/\/www.arche-erlangen.de\/WP\/wp-json\/wp\/v2\/media?parent=533"}],"curies":[{"name":"wp","href":"https:\/\/api.w.org\/{rel}","templated":true}]}}