{"id":525,"date":"2020-04-22T12:51:23","date_gmt":"2020-04-22T10:51:23","guid":{"rendered":"https:\/\/www.arche-erlangen.de\/WP\/?page_id=525"},"modified":"2021-04-05T12:29:55","modified_gmt":"2021-04-05T10:29:55","slug":"presse","status":"publish","type":"page","link":"https:\/\/www.arche-erlangen.de\/WP\/ueber-uns\/presse\/","title":{"rendered":"Presse"},"content":{"rendered":"<p>[et_pb_section fb_built=&#8220;1&#8243; _builder_version=&#8220;4.0.6&#8243;][et_pb_row _builder_version=&#8220;4.0.6&#8243; custom_padding=&#8220;20px|||||&#8220;][et_pb_column type=&#8220;4_4&#8243; _builder_version=&#8220;4.0.6&#8243;][et_pb_text _builder_version=&#8220;4.9.3&#8243; link_option_url_new_window=&#8220;on&#8220; hover_enabled=&#8220;0&#8243; sticky_enabled=&#8220;0&#8243;]<\/p>\n<p>Wir stehen nicht gerne im Rampenlicht, sondern lieber auf dem Acker. Oder sitzend und singend am Lagerfeuer, feierabendentspannt unterm Apfelbaum. Wenn aber jemand \u00fcber uns und unsere ehrenamtliche Arbeit auf dem Arche Bauernhof Erlangen \u2012 Stadt und Land e.\u00a0V. berichten will, dann stehen wir gerne Rede und Antwort, laden ein zu einer Kr\u00e4uterf\u00fchrung, einem Besuch bei den L\u00e4mmern im Stall oder einer Verkostung selbstgebrauten Biers. Seit es uns als Verein gibt, ist auf diese Weise schon das ein oder andere Informative, Abenteuerliche, Lustige \u00fcber uns geschrieben worden. Lest euch rein!<\/p>\n<p><a href=\"https:\/\/www.arche-erlangen.de\/WP\/wp-content\/uploads\/2021\/04\/hen-lokal3-035-030421-lamm-1.pdf\" rel=\"attachment noopener wp-att-4238\" target=\"_blank\">03.04.2021 &#8211; Osterlamm im Dreierpack (Erlanger Nachrichten)<\/a><br \/><a href=\"https:\/\/www.arche-erlangen.de\/WP\/wp-content\/uploads\/2020\/10\/01.10.2020-Ein-Acker-mit-Bamberger-H\u00f6rnchen.pdf\" rel=\"attachment wp-att-3642\"><\/a><a href=\"https:\/\/www.arche-erlangen.de\/WP\/wp-content\/uploads\/2020\/10\/01.10.2020-Ein-Acker-mit-Bamberger-H\u00f6rnchen-Erlanger-Nachrichten.pdf\" target=\"_blank\" rel=\"attachment wp-att-3646 noopener noreferrer\">01.10.2020 &#8211; Ein Acker mit Bamberger H\u00f6rnchen (Erlanger Nachrichten)<\/a><a href=\"https:\/\/www.arche-erlangen.de\/WP\/wp-content\/uploads\/2020\/10\/01.10.2020-Ein-Acker-mit-Bamberger-H\u00f6rnchen.pdf\" rel=\"attachment wp-att-3642\"><br \/><\/a><a href=\"https:\/\/www.arche-erlangen.de\/WP\/wp-content\/uploads\/2020\/07\/essbare_arche.jpg\" target=\"_blank\" rel=\"noopener noreferrer\"><\/a><a href=\"https:\/\/www.arche-erlangen.de\/WP\/wp-content\/uploads\/2020\/07\/essbare_arche.jpg\" target=\"_blank\" rel=\"noopener noreferrer\">01.05.2019 &#8211; Essbares und \u00f6kologisches Gr\u00fcn vor dem Klassenzimmer (Erlanger Nachrichten)<\/a><br \/><a href=\"https:\/\/www.arche-erlangen.de\/WP\/wp-content\/uploads\/2020\/07\/essbares_2019_Teamevent.pdf\" target=\"_blank\" rel=\"noopener noreferrer\">21.06.2017 &#8211; &#8222;Essbare Schule schaffen&#8220; (Erlanger Nachrichten)<\/a><br \/><a href=\"https:\/\/www.arche-erlangen.de\/WP\/wp-content\/uploads\/2020\/07\/erdbeeren_Teamevent_EN_Regionales.pdf\" target=\"_blank\" rel=\"noopener noreferrer\">21.06.2017 &#8211; Platz f\u00fcr Erdbeerpflanzen und H\u00fchner (Erlanger Nachrichten)<\/a><br \/><a href=\"https:\/\/www.arche-erlangen.de\/WP\/wp-content\/uploads\/2020\/07\/abgelammt_28_v2.pdf\" target=\"_blank\" rel=\"noopener noreferrer\">10.06.2016 &#8211; Abgelammt! (TierBl\u00e4ttla)<\/a><br \/><a href=\"https:\/\/www.arche-erlangen.de\/WP\/wp-content\/uploads\/2020\/07\/Erlanger_Nachrichten_20151126_U23_bartkaninchen_alle.pdf\" target=\"_blank\" rel=\"noopener noreferrer\">10.06.2016 &#8211; Hasen auf Hochzeitsreise (Tier und Garten)<\/a><br \/><a href=\"https:\/\/www.arche-erlangen.de\/WP\/wp-content\/uploads\/2020\/07\/lernort_ErlangerNachrichten.pdf\" target=\"_blank\" rel=\"noopener noreferrer\">18.05.2015 &#8211; Arche-Bauernhof will Lernort f\u00fcr Kinder sein (Erlanger Nachrichten)<\/a><\/p>\n<p>[\/et_pb_text][\/et_pb_column][\/et_pb_row][et_pb_row column_structure=&#8220;1_2,1_2&#8243; _builder_version=&#8220;4.0.6&#8243;][et_pb_column type=&#8220;1_2&#8243; _builder_version=&#8220;4.0.6&#8243;][et_pb_image src=&#8220;https:\/\/www.arche-erlangen.de\/WP\/wp-content\/uploads\/2020\/07\/presse_01b.jpg&#8220; _builder_version=&#8220;4.0.6&#8243;][\/et_pb_image][\/et_pb_column][et_pb_column type=&#8220;1_2&#8243; _builder_version=&#8220;4.0.6&#8243;][et_pb_image src=&#8220;https:\/\/www.arche-erlangen.de\/WP\/wp-content\/uploads\/2020\/07\/presse_02b.jpg&#8220; _builder_version=&#8220;4.0.6&#8243;][\/et_pb_image][\/et_pb_column][\/et_pb_row][\/et_pb_section]<\/p>\n","protected":false},"excerpt":{"rendered":"<p>Wir stehen nicht gerne im Rampenlicht, sondern lieber auf dem Acker. Oder sitzend und singend am Lagerfeuer, feierabendentspannt unterm Apfelbaum. Wenn aber jemand \u00fcber uns und unsere ehrenamtliche Arbeit auf dem Arche Bauernhof Erlangen \u2012 Stadt und Land e.\u00a0V. berichten will, dann stehen wir gerne Rede und Antwort, laden ein zu einer Kr\u00e4uterf\u00fchrung, einem Besuch [&hellip;]<\/p>\n","protected":false},"author":2,"featured_media":0,"parent":23,"menu_order":0,"comment_status":"closed","ping_status":"closed","template":"","meta":{"_et_pb_use_builder":"on","_et_pb_old_content":"<!-- wp:divi\/placeholder \/-->","_et_gb_content_width":"","footnotes":""},"class_list":["post-525","page","type-page","status-publish","hentry"],"_links":{"self":[{"href":"https:\/\/www.arche-erlangen.de\/WP\/wp-json\/wp\/v2\/pages\/525","targetHints":{"allow":["GET"]}}],"collection":[{"href":"https:\/\/www.arche-erlangen.de\/WP\/wp-json\/wp\/v2\/pages"}],"about":[{"href":"https:\/\/www.arche-erlangen.de\/WP\/wp-json\/wp\/v2\/types\/page"}],"author":[{"embeddable":true,"href":"https:\/\/www.arche-erlangen.de\/WP\/wp-json\/wp\/v2\/users\/2"}],"replies":[{"embeddable":true,"href":"https:\/\/www.arche-erlangen.de\/WP\/wp-json\/wp\/v2\/comments?post=525"}],"version-history":[{"count":27,"href":"https:\/\/www.arche-erlangen.de\/WP\/wp-json\/wp\/v2\/pages\/525\/revisions"}],"predecessor-version":[{"id":4244,"href":"https:\/\/www.arche-erlangen.de\/WP\/wp-json\/wp\/v2\/pages\/525\/revisions\/4244"}],"up":[{"embeddable":true,"href":"https:\/\/www.arche-erlangen.de\/WP\/wp-json\/wp\/v2\/pages\/23"}],"wp:attachment":[{"href":"https:\/\/www.arche-erlangen.de\/WP\/wp-json\/wp\/v2\/media?parent=525"}],"curies":[{"name":"wp","href":"https:\/\/api.w.org\/{rel}","templated":true}]}}