{"id":444,"date":"2020-04-21T12:05:38","date_gmt":"2020-04-21T10:05:38","guid":{"rendered":"https:\/\/www.arche-erlangen.de\/WP\/?page_id=444"},"modified":"2020-10-01T17:17:40","modified_gmt":"2020-10-01T15:17:40","slug":"crowdfunding","status":"publish","type":"page","link":"https:\/\/www.arche-erlangen.de\/WP\/crowdfunding\/","title":{"rendered":"Crowdfunden, mitmachen, f\u00f6rdern"},"content":{"rendered":"<p>[et_pb_section fb_built=&#8220;1&#8243; _builder_version=&#8220;4.0.6&#8243;][et_pb_row _builder_version=&#8220;4.0.6&#8243; custom_margin=&#8220;|auto|-4px|auto||&#8220;][et_pb_column type=&#8220;4_4&#8243; _builder_version=&#8220;4.0.6&#8243;][et_pb_text _builder_version=&#8220;4.0.6&#8243; custom_padding=&#8220;||2px|||&#8220;]<\/p>\n<p><strong>Unterst\u00fctze uns! <\/strong>Mit <strong>Crowdfunding<\/strong> kannst du spannende, sinnstiftende und nachhaltige Projekte des Arche Bauernhof Erlangen \u2012 Stadt und Land e.\u00a0V. mitfinanzieren. Das kann ein mobiles H\u00fchnergehege sein oder eine neue Schaftr\u00e4nke. Aktuell steht die <a href=\"https:\/\/www.betterplace.org\/de\/projects\/77127-mobiler-backofen-fuer-erlangen\" target=\"_blank\" rel=\"noopener noreferrer\"><strong>Anschaffung eines<\/strong> <strong>mobilen Backofens<\/strong><\/a> an: Vereine, Verb\u00e4nde, Stadtteilh\u00e4user, Kinderg\u00e4rten, Schulen, aber auch B\u00fcrger*innen sollen hier Brot und Br\u00f6tchen, Pizza und Fladen, Kuchen und Pl\u00e4tzchen und vieles mehr gemeinsam zubereiten und genussvoll verzehren.<\/p>\n<p>[\/et_pb_text][\/et_pb_column][\/et_pb_row][et_pb_row _builder_version=&#8220;4.0.6&#8243;][et_pb_column type=&#8220;4_4&#8243; _builder_version=&#8220;4.0.6&#8243;][et_pb_text _builder_version=&#8220;4.0.6&#8243;]<\/p>\n<p><strong>Mach mit! <\/strong>Wenn du dich ganz konkret f\u00fcr sch\u00fctzens- und erhaltenswerte Tiere und Pflanzen einsetzen willst, dann werde einfach <strong>Mitglied<\/strong> bei uns. In unserer Vereinssatzung findest du alle Infos zur Mitgliedschaft. Einfach per <a href=\"https:\/\/www.arche-erlangen.de\/WP\/infos\/262-2\/\"><strong>Kontaktformular<\/strong> <\/a>anfordern!<\/p>\n<p> Oder du bringst dich als <strong>F\u00f6rdermitglied<\/strong> beim Arche Bauernhof Erlangen \u2012 Stadt und Land e.\u00a0V. ein: Einfach indem du den Verein finanziell im Rahmen einer F\u00f6rderung unterst\u00fctzt. Weil du unser Vorhaben gut findest, Lust hast oder \u00fcber die Mittel verf\u00fcgst, nachhaltige Projekte zu f\u00f6rdern, die unserer Umwelt zugutekommen.<\/p>\n<p>[\/et_pb_text][\/et_pb_column][\/et_pb_row][et_pb_row _builder_version=&#8220;4.0.6&#8243;][et_pb_column _builder_version=&#8220;4.0.6&#8243; type=&#8220;4_4&#8243;][et_pb_text _builder_version=&#8220;4.0.6&#8243; hover_enabled=&#8220;0&#8243;]<\/p>\n<p>Spenden kannst du nat\u00fcrlich auch und jederzeit. <br \/>Das <strong>Spendenkonto<\/strong> des Arche Bauernhof Erlangen \u2012 Stadt und Land e.\u00a0V. lautet:<br \/> 600 27171, BLZ 763 500 00<br \/> Sparkasse Erlangen<br \/> IBAN DE44 7635 0000 0060 0271 71<br \/> BIC BYLADEM1ERH<\/p>\n<p>[\/et_pb_text][\/et_pb_column][\/et_pb_row][et_pb_row _builder_version=&#8220;4.0.6&#8243;][et_pb_column type=&#8220;4_4&#8243; _builder_version=&#8220;4.0.6&#8243;][et_pb_text _builder_version=&#8220;4.0.6&#8243;]<\/p>\n<p><strong>Sei dabei!<\/strong> Du m\u00f6chtest dich f\u00fcr den Erhalt bedrohter Nutzpflanzen und -tiere einsetzen, magst den Gedanken einer teilenden Gesellschaft und interessierst dich f\u00fcr den Arche Bauernhof Erlangen \u2012 Stadt und Land e.\u00a0V. ? Dann f\u00fclle bei Interesse einfach das <strong><a href=\"https:\/\/www.arche-erlangen.de\/WP\/infos\/262-2\/\">Kontaktformular<\/a><\/strong> aus. Wir freuen uns \u00fcber dein Interesse und noch viel mehr \u00fcber dein Engagement.<\/p>\n<p>[\/et_pb_text][\/et_pb_column][\/et_pb_row][\/et_pb_section]<\/p>\n","protected":false},"excerpt":{"rendered":"<p>Unterst\u00fctze uns! Mit Crowdfunding kannst du spannende, sinnstiftende und nachhaltige Projekte des Arche Bauernhof Erlangen \u2012 Stadt und Land e.\u00a0V. mitfinanzieren. Das kann ein mobiles H\u00fchnergehege sein oder eine neue Schaftr\u00e4nke. Aktuell steht die Anschaffung eines mobilen Backofens an: Vereine, Verb\u00e4nde, Stadtteilh\u00e4user, Kinderg\u00e4rten, Schulen, aber auch B\u00fcrger*innen sollen hier Brot und Br\u00f6tchen, Pizza und Fladen, [&hellip;]<\/p>\n","protected":false},"author":2,"featured_media":0,"parent":0,"menu_order":0,"comment_status":"closed","ping_status":"closed","template":"","meta":{"_et_pb_use_builder":"on","_et_pb_old_content":"","_et_gb_content_width":"","footnotes":""},"class_list":["post-444","page","type-page","status-publish","hentry"],"_links":{"self":[{"href":"https:\/\/www.arche-erlangen.de\/WP\/wp-json\/wp\/v2\/pages\/444","targetHints":{"allow":["GET"]}}],"collection":[{"href":"https:\/\/www.arche-erlangen.de\/WP\/wp-json\/wp\/v2\/pages"}],"about":[{"href":"https:\/\/www.arche-erlangen.de\/WP\/wp-json\/wp\/v2\/types\/page"}],"author":[{"embeddable":true,"href":"https:\/\/www.arche-erlangen.de\/WP\/wp-json\/wp\/v2\/users\/2"}],"replies":[{"embeddable":true,"href":"https:\/\/www.arche-erlangen.de\/WP\/wp-json\/wp\/v2\/comments?post=444"}],"version-history":[{"count":17,"href":"https:\/\/www.arche-erlangen.de\/WP\/wp-json\/wp\/v2\/pages\/444\/revisions"}],"predecessor-version":[{"id":3582,"href":"https:\/\/www.arche-erlangen.de\/WP\/wp-json\/wp\/v2\/pages\/444\/revisions\/3582"}],"wp:attachment":[{"href":"https:\/\/www.arche-erlangen.de\/WP\/wp-json\/wp\/v2\/media?parent=444"}],"curies":[{"name":"wp","href":"https:\/\/api.w.org\/{rel}","templated":true}]}}