{"id":426,"date":"2020-04-19T17:38:46","date_gmt":"2020-04-19T15:38:46","guid":{"rendered":"https:\/\/www.arche-erlangen.de\/WP\/?page_id=426"},"modified":"2020-10-15T13:01:17","modified_gmt":"2020-10-15T11:01:17","slug":"arche-prinzip","status":"publish","type":"page","link":"https:\/\/www.arche-erlangen.de\/WP\/ueber-uns\/arche-prinzip\/","title":{"rendered":"Arche-Prinzip"},"content":{"rendered":"<p>[et_pb_section fb_built=&#8220;1&#8243; _builder_version=&#8220;4.0.6&#8243;][et_pb_row _builder_version=&#8220;4.0.6&#8243;][et_pb_column type=&#8220;4_4&#8243; _builder_version=&#8220;4.0.6&#8243;][et_pb_text _builder_version=&#8220;4.0.6&#8243; hover_enabled=&#8220;0&#8243;]<\/p>\n<p><strong>Nahrung, Wasser, Boden und Luft sind unsere Lebensgrundlagen.<\/strong> Wir sehen es als unsere Aufgabe, sie zu sch\u00fctzen und zu erhalten. Arbeiten beim Arche Bauernhof Erlangen \u2012 Stadt und Land e. V. hei\u00dft deshalb arbeiten im Takt und im Einklang mit der Natur. F\u00fcr uns sind die Prinzipien der solidarischen Landwirtschaft, die Erhaltung alter Nutztierrassen und die Z\u00fcchtung alter Kulturpflanzen gelebte Arche-Arbeit. Getragen wird unser Verein vom lebhaften Interesse und den Kenntnissen und F\u00e4higkeiten seiner ehrenamtlichen Mitglieder \u2012 zusammen mit der Neugier zu gestalten und der Idee, altes Wissen in \u00f6kologisch bewusstes Handeln umzusetzen.<\/p>\n<p><strong>Wir folgen dem Lauf der Natur und einfachen Grunds\u00e4tzen.<\/strong><br \/> Der Arche Bauernhof Erlangen \u2012 Stadt und Land e. V. bietet Fl\u00e4chen, Platz und Raum, um sich mit dem Thema Landwirtschaft im weitesten Sinn zu besch\u00e4ftigen. Aktiv werden sollst und darfst du selbst. Das Prinzip basiert auf Freiwilligkeit und das bedeutet: Jede*r kann, keine*r muss! Denn du wei\u00dft selbst am besten, wie viel freie Zeit du f\u00fcr das gemeinsame Arche-Anliegen er\u00fcbrigen kannst.<\/p>\n<p><strong>Wer macht, bestimmt.<\/strong> Wir arbeiten nicht im H\u00e4tte-Sollte-M\u00fcsste-Konjunktiv. Wer aktiv ist und Sachen macht, ist im Handeln frei, solange es den ethischen Grunds\u00e4tzen gegen\u00fcber Tieren, Pflanzen und Menschen entspricht.<\/p>\n<p>[\/et_pb_text][\/et_pb_column][\/et_pb_row][et_pb_row column_structure=&#8220;1_3,1_3,1_3&#8243; _builder_version=&#8220;4.0.6&#8243;][et_pb_column type=&#8220;1_3&#8243; _builder_version=&#8220;4.0.6&#8243;][et_pb_image src=&#8220;https:\/\/www.arche-erlangen.de\/WP\/wp-content\/uploads\/2020\/06\/P1100956-scaled.jpg&#8220; _builder_version=&#8220;4.0.6&#8243; width=&#8220;100%&#8220;][\/et_pb_image][\/et_pb_column][et_pb_column type=&#8220;1_3&#8243; _builder_version=&#8220;4.0.6&#8243;][et_pb_image src=&#8220;https:\/\/www.arche-erlangen.de\/WP\/wp-content\/uploads\/2020\/06\/P1100900-scaled.jpg&#8220; _builder_version=&#8220;4.0.6&#8243;][\/et_pb_image][\/et_pb_column][et_pb_column type=&#8220;1_3&#8243; _builder_version=&#8220;4.0.6&#8243;][et_pb_image src=&#8220;https:\/\/www.arche-erlangen.de\/WP\/wp-content\/uploads\/2020\/06\/P1100996-scaled.jpg&#8220; _builder_version=&#8220;4.0.6&#8243;][\/et_pb_image][\/et_pb_column][\/et_pb_row][\/et_pb_section]<\/p>\n","protected":false},"excerpt":{"rendered":"<p>Nahrung, Wasser, Boden und Luft sind unsere Lebensgrundlagen. Wir sehen es als unsere Aufgabe, sie zu sch\u00fctzen und zu erhalten. Arbeiten beim Arche Bauernhof Erlangen \u2012 Stadt und Land e. V. hei\u00dft deshalb arbeiten im Takt und im Einklang mit der Natur. F\u00fcr uns sind die Prinzipien der solidarischen Landwirtschaft, die Erhaltung alter Nutztierrassen und [&hellip;]<\/p>\n","protected":false},"author":2,"featured_media":0,"parent":23,"menu_order":0,"comment_status":"closed","ping_status":"closed","template":"","meta":{"_et_pb_use_builder":"on","_et_pb_old_content":"","_et_gb_content_width":"","footnotes":""},"class_list":["post-426","page","type-page","status-publish","hentry"],"_links":{"self":[{"href":"https:\/\/www.arche-erlangen.de\/WP\/wp-json\/wp\/v2\/pages\/426","targetHints":{"allow":["GET"]}}],"collection":[{"href":"https:\/\/www.arche-erlangen.de\/WP\/wp-json\/wp\/v2\/pages"}],"about":[{"href":"https:\/\/www.arche-erlangen.de\/WP\/wp-json\/wp\/v2\/types\/page"}],"author":[{"embeddable":true,"href":"https:\/\/www.arche-erlangen.de\/WP\/wp-json\/wp\/v2\/users\/2"}],"replies":[{"embeddable":true,"href":"https:\/\/www.arche-erlangen.de\/WP\/wp-json\/wp\/v2\/comments?post=426"}],"version-history":[{"count":8,"href":"https:\/\/www.arche-erlangen.de\/WP\/wp-json\/wp\/v2\/pages\/426\/revisions"}],"predecessor-version":[{"id":3651,"href":"https:\/\/www.arche-erlangen.de\/WP\/wp-json\/wp\/v2\/pages\/426\/revisions\/3651"}],"up":[{"embeddable":true,"href":"https:\/\/www.arche-erlangen.de\/WP\/wp-json\/wp\/v2\/pages\/23"}],"wp:attachment":[{"href":"https:\/\/www.arche-erlangen.de\/WP\/wp-json\/wp\/v2\/media?parent=426"}],"curies":[{"name":"wp","href":"https:\/\/api.w.org\/{rel}","templated":true}]}}