{"id":1408,"date":"2020-06-09T14:30:06","date_gmt":"2020-06-09T12:30:06","guid":{"rendered":"https:\/\/www.arche-erlangen.de\/WP\/?page_id=1408"},"modified":"2020-10-23T14:08:50","modified_gmt":"2020-10-23T12:08:50","slug":"kultur-und-wildpflanzen","status":"publish","type":"page","link":"https:\/\/www.arche-erlangen.de\/WP\/kultur-und-wildpflanzen\/","title":{"rendered":"Kultur- und Wildpflanzen"},"content":{"rendered":"<p>[et_pb_section fb_built=&#8220;1&#8243; _builder_version=&#8220;4.0.6&#8243;][et_pb_row _builder_version=&#8220;3.25&#8243; background_size=&#8220;initial&#8220; background_position=&#8220;top_left&#8220; background_repeat=&#8220;repeat&#8220;][et_pb_column type=&#8220;4_4&#8243; _builder_version=&#8220;3.0.47&#8243; custom_padding=&#8220;|||&#8220; custom_padding__hover=&#8220;|||&#8220;][et_pb_text _builder_version=&#8220;4.0.6&#8243; custom_padding=&#8220;||10px|||&#8220;]<\/p>\n<p>Unter dem Oberbegriff Nutzpflanzen lassen sich Kultur- und Wildpflanzen zusammenfassen. W\u00e4hrend Kulturpflanzen durch den Menschen angebaut und kultiviert werden, gedeiht und vermehrt sich die Wildpflanze ohne das Eingreifen des Menschen in ihrem nat\u00fcrlichen Lebensraum. \u00a0<\/p>\n<p>&nbsp;<\/p>\n<p>[\/et_pb_text][et_pb_text _builder_version=&#8220;4.0.6&#8243; hover_enabled=&#8220;0&#8243;]<\/p>\n<p>Urspr\u00fcnglich gelang es, durch die Auswahl der anpassungsf\u00e4higsten und ertragreichsten Nutzpflanzen zahlreiche Sorten zu z\u00fcchten, die an bestimmte Regionen hervorragend angepasst waren. So konnten von der eigenen Ernte die besten Pflanzen vermehrt und weitergegeben werden. Das Resultat war eine gro\u00dfe Sortenvielfalt. Durch die Z\u00fcchtung von Hybridsorten und nicht vermehrungsf\u00e4higen Sorten, den Einsatz gr\u00fcner Gentechnik und eine fortschreitende Monopolisierung auf dem Saatgutmarkt, auch bedingt durch eine strikte Saatgutgesetzgebung, ist die Vielfalt unserer Nutzpflanzen heute zunehmend bedroht und im Verschwinden begriffen.<br \/> An unseren Aktiv-Standorten widmen wir uns der praktischen Erhaltungsarbeit von Kultur-, Wild- und Heilpflanzen und nutzen regionale Saatgutb\u00f6rsen wie Dreschflegel, VEN und G\u00e4rtnerei Jeebel, um den Erhalt der biologischen Vielfalt zu unterst\u00fctzen.<\/p>\n<p>[\/et_pb_text][et_pb_text _builder_version=&#8220;4.0.6&#8243; hover_enabled=&#8220;0&#8243; custom_margin=&#8220;49px||0px||false|false&#8220;]<\/p>\n<p>Auf der Ziegelleite in Atzelsberg wiegen sich im Juli und August die blauvioletten K\u00f6pfe der Wilden Karde im Wind, der isoflavonhaltige Rotklee bl\u00fcht neben Schafgarbe, Sauerampfer und wildem Lattich. Wildobstgeh\u00f6lze wie Hagebutte, Wei\u00dfdorn, Haselnuss, Holunder, Kornelkirsche und Wildkirsche sind Nahrungsquelle und Schutz f\u00fcr V\u00f6gel und Insekten.<\/p>\n<p>[\/et_pb_text][\/et_pb_column][\/et_pb_row][\/et_pb_section]<\/p>\n","protected":false},"excerpt":{"rendered":"<p>Unter dem Oberbegriff Nutzpflanzen lassen sich Kultur- und Wildpflanzen zusammenfassen. W\u00e4hrend Kulturpflanzen durch den Menschen angebaut und kultiviert werden, gedeiht und vermehrt sich die Wildpflanze ohne das Eingreifen des Menschen in ihrem nat\u00fcrlichen Lebensraum. \u00a0 &nbsp;Urspr\u00fcnglich gelang es, durch die Auswahl der anpassungsf\u00e4higsten und ertragreichsten Nutzpflanzen zahlreiche Sorten zu z\u00fcchten, die an bestimmte Regionen hervorragend [&hellip;]<\/p>\n","protected":false},"author":2,"featured_media":1404,"parent":0,"menu_order":0,"comment_status":"closed","ping_status":"closed","template":"","meta":{"_et_pb_use_builder":"on","_et_pb_old_content":"","_et_gb_content_width":"","footnotes":""},"class_list":["post-1408","page","type-page","status-publish","has-post-thumbnail","hentry"],"_links":{"self":[{"href":"https:\/\/www.arche-erlangen.de\/WP\/wp-json\/wp\/v2\/pages\/1408","targetHints":{"allow":["GET"]}}],"collection":[{"href":"https:\/\/www.arche-erlangen.de\/WP\/wp-json\/wp\/v2\/pages"}],"about":[{"href":"https:\/\/www.arche-erlangen.de\/WP\/wp-json\/wp\/v2\/types\/page"}],"author":[{"embeddable":true,"href":"https:\/\/www.arche-erlangen.de\/WP\/wp-json\/wp\/v2\/users\/2"}],"replies":[{"embeddable":true,"href":"https:\/\/www.arche-erlangen.de\/WP\/wp-json\/wp\/v2\/comments?post=1408"}],"version-history":[{"count":13,"href":"https:\/\/www.arche-erlangen.de\/WP\/wp-json\/wp\/v2\/pages\/1408\/revisions"}],"predecessor-version":[{"id":3676,"href":"https:\/\/www.arche-erlangen.de\/WP\/wp-json\/wp\/v2\/pages\/1408\/revisions\/3676"}],"wp:featuredmedia":[{"embeddable":true,"href":"https:\/\/www.arche-erlangen.de\/WP\/wp-json\/wp\/v2\/media\/1404"}],"wp:attachment":[{"href":"https:\/\/www.arche-erlangen.de\/WP\/wp-json\/wp\/v2\/media?parent=1408"}],"curies":[{"name":"wp","href":"https:\/\/api.w.org\/{rel}","templated":true}]}}